{"id":126,"date":"2013-05-16T15:58:36","date_gmt":"2013-05-16T15:58:36","guid":{"rendered":"http:\/\/gotoandplay.ee\/eha\/vormistamisjuhend-2\/"},"modified":"2025-03-18T11:32:24","modified_gmt":"2025-03-18T09:32:24","slug":"referencing-guide","status":"publish","type":"page","link":"https:\/\/eha.ut.ee\/en\/referencing-guide\/","title":{"rendered":"Referencing Guide"},"content":{"rendered":"<p style=\"text-align: justify;\">Manuscripts should be written in grammatically correct Estonian and conform to the standards and style of scientific writing. Detailed instructions can be find here (<a href=\"https:\/\/eha.ut.ee\/wp-content\/uploads\/2024\/05\/eha_artikli_vormistamise_nouded_240522.docx\" target=\"_blank\" rel=\"noopener\">docx<\/a>, <a href=\"https:\/\/eha.ut.ee\/wp-content\/uploads\/2024\/05\/eha_artikli_vormistamise_nouded_240522.pdf\" target=\"_blank\" rel=\"noopener\">pdf<\/a>). The article in Estonian should include a longer summary in English (6,000\u20139,000 characters with spaces). To avoid spelling mistakes Microsoft Word\u2019s spell check should be used.<\/p>\n<p style=\"text-align: justify;\">All submissions should follow <em>the American Psychological Association<\/em> (APA) guidelines (<em>Publication Manual of the American Psychological Association, 7th edition<\/em>). For more information, please consult: <a href=\"https:\/\/apastyle.apa.org\/\" target=\"_blank\" rel=\"noopener\">https:\/\/apastyle.apa.org\/<\/a> and <a href=\"https:\/\/apastyle.apa.org\/blog\" target=\"_blank\" rel=\"noopener\">https:\/\/apastyle.apa.org\/blog<\/a>.<\/p>\n<p style=\"text-align: justify;\">The following table provides a brief overview of the most common citations used.<\/p>\n<table style=\"width: 100%;\" border=\"1\" cellspacing=\"2\" cellpadding=\"2\" align=\"center\">\n<tbody>\n<tr>\n<td style=\"background-color: #f1f1e8;\" colspan=\"2\"><span style=\"background-color: #f1f1e8;\"><strong>In-text citations<\/strong><br \/>\nAll the authors whose ideas are mentioned in the article should be referred to. Only sources cited in the text should be included in the reference list. <\/span><\/td>\n<\/tr>\n<tr>\n<td><span style=\"font-size: 14px;\"><span style=\"font-family: georgia, serif;\">In parentheses in the text<\/span><\/span><\/td>\n<td><span style=\"font-size: 14px;\"><span style=\"font-family: georgia, serif;\">In-text citations consist of the surname(s) of the author(s) and the year of publication in parentheses. <\/span><\/span><span style=\"font-family: georgia, serif; font-size: 14px;\">Page numbers must be supplied for direct quotations. Two or more works by different authors within the same parentheses are ordered alphabetically and separated by semicolons.<\/span><\/p>\n<p><span style=\"color: #ff0000;\"><span style=\"font-size: 14px;\"><span style=\"font-family: georgia, serif;\"><strong><span style=\"color: #000000;\">Examples<\/span><\/strong><br \/>\n<span style=\"color: #000000;\">(Anson &amp; Schwegler, 2005)<\/span><br \/>\n<span style=\"color: #000000;\">(Anson &amp; Schwegler, 2005, p. 24)<\/span><br \/>\n<span style=\"color: #000000;\">(Anson &amp; Schwegler, 2005; Bergman &amp; W\u00e5ngby, 2014)<\/span><\/span><\/span><\/span><\/td>\n<\/tr>\n<tr>\n<td><span style=\"font-size: 14px; color: #000000;\"><span style=\"font-family: georgia, serif;\">One or two authors<\/span><\/span><\/td>\n<td><span style=\"color: #000000;\"><span style=\"font-size: 14px;\"><span style=\"font-family: georgia, serif;\">If there is one or two authors, the surnames of both authors are listed. In the case of two authors the names are joined by \u2019and\u2019; in the parentheses, by ampersand (&amp;).<br \/>\n<\/span><\/span><span style=\"font-size: 14px;\"><span style=\"font-family: georgia, serif;\"><strong><br \/>\n<\/strong><strong>Examples<\/strong><br \/>\n(Toomela, 2014)<br \/>\n(Anson &amp; Schwegler, 2005)<\/span><\/span><\/span><\/td>\n<\/tr>\n<tr>\n<td><span style=\"font-size: 14px;\"><span style=\"font-family: georgia, serif;\">Three or more authors<\/span><\/span><\/td>\n<td><span style=\"font-size: 14px;\"><span style=\"font-family: georgia, serif;\">If there are three or more authors, only the surname of the first author is listed, followed by <i>et al<\/i>. All the authors should be included in the reference list.<br \/>\n<\/span><\/span><span style=\"font-size: 14px;\"><span style=\"font-family: georgia, serif;\"><strong><br \/>\n<\/strong><strong>Examples<\/strong><br \/>\nBlom et al. (2001)<br \/>\n(Blom et al., 2001)<\/span><\/span><\/td>\n<\/tr>\n<tr>\n<td><span style=\"font-size: 14px;\"><span style=\"font-family: georgia, serif;\">Two or more works by the same author<\/span><\/span><\/td>\n<td><span style=\"font-size: 14px;\"><span style=\"font-family: georgia, serif;\">Two or more works by the same author are ordered by the year of publication. The dates are separated by commas.<br \/>\n<\/span><\/span><span style=\"font-size: 14px;\"><span style=\"font-family: georgia, serif;\"><strong><br \/>\n<\/strong><strong>Example<\/strong><br \/>\n(Biddle, 1986, 1998)<\/span><\/span><\/td>\n<\/tr>\n<tr>\n<td><span style=\"font-size: 14px;\"><span style=\"font-family: georgia, serif;\">No author<br \/>\n<\/span><\/span><\/td>\n<td><span style=\"font-size: 14px;\"><span style=\"font-family: georgia, serif;\">When there is no author, the title is used in place of the author&#8217;s name. If the title is too long, only the first two to three words are used. In the reference list the full title is given.<br \/>\n<\/span><\/span><span style=\"font-size: 14px;\"><span style=\"font-family: georgia, serif;\"><strong><br \/>\n<\/strong><strong>Example<\/strong><br \/>\n(American Psychological Association, 2009)<\/span><\/span><\/td>\n<\/tr>\n<tr>\n<td><span style=\"font-size: 14px;\"><span style=\"font-family: georgia, serif;\">Secondary referencing<\/span><\/span><\/td>\n<td><span style=\"font-size: 14px;\"><span style=\"font-family: georgia, serif;\">Secondary referencing should be avoided and used only when the primary source is not available. When citing such work, the author of the primary source and the author of the work it was cited in should be used.<br \/>\n<\/span><\/span><span style=\"font-size: 14px;\"><span style=\"font-family: georgia, serif;\"><strong><br \/>\n<\/strong><strong>Example<\/strong><br \/>\n(Lewin, Lippitt, &amp; White, 1939, viidatud Baumrind, 1967 j).<\/span><\/span><\/td>\n<\/tr>\n<tr>\n<td style=\"background-color: #f1f1e8;\" colspan=\"2\"><span style=\"background-color: #f1f1e8;\"><strong><strong>Reference list<\/strong><\/strong><br \/>\nAll publications cited in the manuscript must be included in the reference list. If the article has a doi-number, it should be presented in the list of references.<\/span><\/td>\n<\/tr>\n<tr>\n<td style=\"background-color: #ffffff;\"><span style=\"font-size: 14px;\"><span style=\"font-family: georgia, serif;\">Ordering the reference list<\/span><\/span><\/td>\n<td><span style=\"font-size: 14px;\"><span style=\"font-family: georgia, serif;\">All sources cited in the text are listed alphabetically by the author\u2019s surname. All entries should include the following: the name(s) of the author(s), the year of publication, and the publisher. When there is no author, the work in the reference list is alphabetised by title.<\/span><\/span><\/td>\n<\/tr>\n<tr>\n<td style=\"background-color: #f4fde7;\" colspan=\"2\"><span style=\"font-family: georgia, times new roman, times, serif; font-size: 14px; text-align: center;\"><strong><strong>Article<\/strong><\/strong><\/span><\/td>\n<\/tr>\n<tr>\n<td style=\"background-color: #ffffff;\"><span style=\"font-size: 14px;\"><span style=\"font-family: georgia, serif;\">Journal article<\/span><\/span><\/td>\n<td><span style=\"font-size: 14px;\"><span style=\"font-family: georgia, serif;\"><strong>Example<\/strong><br \/>\nKr\u00e4mer, S., M\u00f6ller, J., &amp; Zimmermann, F. (2021). Inclusive education of students with general learning difficulties: A meta-analysis.\u00a0<em>Review of Educational Research, 91,\u00a0<\/em>432\u2013478.\u00a0<a href=\"https:\/\/doi.org\/10.3102\/0034654321998072\">https:\/\/doi.org\/10.3102\/0034654321998072<\/a><br \/>\n<\/span><\/span><\/td>\n<\/tr>\n<tr>\n<td style=\"background-color: #ffffff;\"><span style=\"font-size: 14px;\"><span style=\"font-family: georgia, serif;\">Newspaper article<\/span><\/span><\/td>\n<td><span style=\"font-size: 14px;\"><span style=\"font-family: georgia, serif;\"><strong>Example<\/strong><br \/>\nHeidmets, M. (2013, 6. dets). Uus ajakiri: kes kirjutab, kes loeb? <em>\u00d5petajate Leht<\/em>, lk 4.<\/span><\/span><\/td>\n<\/tr>\n<tr>\n<td style=\"background-color: #f4fde7;\" colspan=\"2\"><span style=\"font-family: georgia, times new roman, times, serif; font-size: 14px; text-align: center;\"><strong><strong>Book<\/strong><\/strong><\/span><\/td>\n<\/tr>\n<tr>\n<td><span style=\"font-size: 14px;\"><span style=\"font-family: georgia, serif;\">The book has an author<\/span><\/span><\/td>\n<td><span style=\"font-size: 14px;\"><span style=\"font-family: georgia, serif;\"><strong>Example<\/strong><br \/>\nV\u00f5gotski, L. (2014). <em>M\u00f5tlemine ja k\u00f5ne<\/em>. Ilmamaa.<\/span><\/span><\/td>\n<\/tr>\n<tr>\n<td><span style=\"font-size: 14px;\"><span style=\"font-family: georgia, serif;\">The book has an editor<\/span><\/span><\/td>\n<td><span style=\"font-size: 14px;\"><span style=\"font-family: georgia, serif;\"><strong>Example<\/strong><br \/>\nKikas, E. (Toim). (2010). <em>\u00d5ppimine ja \u00f5petamine esimeses ja teises kooliastmes.<\/em> Ecoprint.<\/span><\/span><\/td>\n<\/tr>\n<tr>\n<td><span style=\"font-size: 14px;\"><span style=\"font-family: georgia, serif;\">No author or editor<\/span><\/span><\/td>\n<td><span style=\"font-size: 14px;\"><span style=\"font-family: georgia, serif;\"><strong>Example<\/strong><br \/>\n<em>Looduse ents\u00fcklopeedia<\/em> (2013). Varrak.<\/span><\/span><\/td>\n<\/tr>\n<tr>\n<td><span style=\"font-size: 14px;\"><span style=\"font-family: georgia, serif;\">Multiple works by the same author in the same year<\/span><\/span><\/td>\n<td><span style=\"font-size: 14px;\"><span style=\"font-family: georgia, serif;\"><strong>Examples<\/strong><br \/>\nLyons, J. (1981a). <em>Language and Linguistics.<\/em>\u00a0Cambridge University Press.<br \/>\nLyons, J. (1981b). <em>Language, Meaning and Context.<\/em>\u00a0Fontana.<\/span><\/span><\/td>\n<\/tr>\n<tr>\n<td><span style=\"font-size: 14px;\"><span style=\"font-family: georgia, serif;\">Chapter from a book<\/span><\/span><\/td>\n<td><span style=\"font-size: 14px;\"><span style=\"font-family: georgia, serif;\"><strong>Example<\/strong><br \/>\nWischmeier, I. (2012). Primary School Teachers&#8217;\u00a0Beliefs about Bilingualism. J. K\u00f6nig (Ed.), <em>Teachers&#8217; Pedagogical Beliefs <\/em>(pp. 171\u2013189). Waxmann Verlag.<\/span><\/span><\/td>\n<\/tr>\n<tr>\n<td style=\"background-color: #f4fde7;\" colspan=\"2\"><span style=\"font-family: georgia, times new roman, times, serif; font-size: 14px; text-align: center;\"><strong><strong>Electronic documents\u00a0<\/strong><\/strong><br \/>\nWhen citing electronic documents the surname of the author, the title of the article\u00a0 and the exact URL where it can be found should be included. <\/span><\/td>\n<\/tr>\n<tr>\n<td><span style=\"font-size: 14px;\"><span style=\"font-family: georgia, serif;\">Online journal article<\/span><\/span><\/td>\n<td><span style=\"font-size: 14px;\"><span style=\"font-family: georgia, serif;\"><strong>Example<\/strong><br \/>\nFredrickson, B. L. (2000, March 7). Cultivating positive emotions to optimize health and well-being. <em>Prevention &amp; Treatment<\/em>, 3, Article 0001a.\u00a0 http:\/\/journals.apa.org\/prevention\/ volume3\/ pre0030001a.html.<\/span><\/span><\/td>\n<\/tr>\n<tr>\n<td><span style=\"font-size: 14px;\"><span style=\"font-family: georgia, serif;\">Document with the author and date<\/span><\/span><\/td>\n<td><span style=\"font-size: 14px;\"><span style=\"font-family: georgia, serif;\"><strong>Example<\/strong><br \/>\nTaimalu, M., Uibu, K., Luik, P., Leijen, \u00c4., &amp; Pedaste, M. (2020). <em>\u00d5petajad ja koolijuhid v\u00e4\u00e4rtustatud professionaalidena. OECD rahvusvahelise \u00f5petamise ja \u00f5ppimise uuringu TALIS 2018 uuringu tulemused. <\/em><a href=\"http:\/\/www.innove.ee\/wp-content\/uploads\/2020\/04\/TALIS2_kujundatud.pdf\">http:\/\/www.innove.ee\/wp-content\/uploads\/2020\/04\/TALIS2_kujundatud.pdf<\/a>.<br \/>\n<\/span><\/span><\/td>\n<\/tr>\n<tr>\n<td><span style=\"font-size: 14px;\"><span style=\"font-family: georgia, serif;\">Document without the author and date<\/span><\/span><\/td>\n<td><span style=\"font-size: 14px;\"><span style=\"font-family: georgia, serif;\"><strong>Example<\/strong><br \/>\n<em>Kooliv\u00e4givald<\/em> (s.a.). http:\/\/www.koolielu.ee.<\/span><\/span><\/td>\n<\/tr>\n<tr>\n<td><span style=\"font-size: 14px;\"><span style=\"font-family: georgia, serif;\">Document from the website of an organisation<\/span><\/span><\/td>\n<td><span style=\"font-size: 14px;\"><span style=\"font-family: georgia, serif;\"><strong>Example<\/strong><br \/>\nAmerican Psychological Association (1996). <em>How to cite information from the world wide web.<\/em>\u00a0 http:\/\/www.apa.org\/journals\/ webref.html.<\/span><\/span><\/td>\n<\/tr>\n<tr>\n<td style=\"background-color: #f1f1e8;\" colspan=\"2\"><span style=\"background-color: #f1f1e8;\"><strong><strong>Tables and figures<\/strong><\/strong><\/span><\/td>\n<\/tr>\n<tr>\n<td style=\"text-align: justify; background-color: #ffffff;\" colspan=\"2\"><span style=\"background-color: #ffffff;\">Tables and figures supplement the text and do not duplicate the results described in it. All tables and figures should be numbered sequentially in the order to which they are referred in the text. Smaller tables and figures are placed in the text as near as possible to where they are first referred. \u00a0Longer tables and figures should be submitted as separate files or at the end of the manuscript. Tables are formatted according to APA guidelines. Only horizontal lines can be used to separate information and make it clearer.<br \/>\n<\/span><\/td>\n<\/tr>\n<\/tbody>\n<\/table>\n","protected":false},"excerpt":{"rendered":"Manuscripts should be written in grammatically correct Estonian and conform to the standards and style of scientific writing. Detailed instructions can be find here (docx, pdf). The article in Estonian should include a longer summary in English (6,000\u20139,000 characters with spaces). To avoid spelling mistakes Microsoft Word\u2019s spell check should be used. All submissions should&#8230; <a class=\"view-article\" href=\"https:\/\/eha.ut.ee\/en\/referencing-guide\/\">View Article<\/a>","protected":false},"author":3,"featured_media":0,"parent":0,"menu_order":0,"comment_status":"open","ping_status":"open","template":"","meta":{"footnotes":""},"class_list":["post-126","page","type-page","status-publish","hentry"],"_links":{"self":[{"href":"https:\/\/eha.ut.ee\/en\/wp-json\/wp\/v2\/pages\/126","targetHints":{"allow":["GET"]}}],"collection":[{"href":"https:\/\/eha.ut.ee\/en\/wp-json\/wp\/v2\/pages"}],"about":[{"href":"https:\/\/eha.ut.ee\/en\/wp-json\/wp\/v2\/types\/page"}],"author":[{"embeddable":true,"href":"https:\/\/eha.ut.ee\/en\/wp-json\/wp\/v2\/users\/3"}],"replies":[{"embeddable":true,"href":"https:\/\/eha.ut.ee\/en\/wp-json\/wp\/v2\/comments?post=126"}],"version-history":[{"count":76,"href":"https:\/\/eha.ut.ee\/en\/wp-json\/wp\/v2\/pages\/126\/revisions"}],"predecessor-version":[{"id":3743,"href":"https:\/\/eha.ut.ee\/en\/wp-json\/wp\/v2\/pages\/126\/revisions\/3743"}],"wp:attachment":[{"href":"https:\/\/eha.ut.ee\/en\/wp-json\/wp\/v2\/media?parent=126"}],"curies":[{"name":"wp","href":"https:\/\/api.w.org\/{rel}","templated":true}]}}