{"id":1528,"date":"2016-02-19T14:08:34","date_gmt":"2016-02-19T12:08:34","guid":{"rendered":"http:\/\/eha.ut.ee\/?page_id=1528"},"modified":"2025-10-22T18:52:59","modified_gmt":"2025-10-22T15:52:59","slug":"editorial-board","status":"publish","type":"page","link":"https:\/\/eha.ut.ee\/en\/editorial-board\/","title":{"rendered":"Editorial Board"},"content":{"rendered":"<p style=\"text-align: justify;\"><strong>Krista Uibu<\/strong>, executive editor, University of Tartu<br \/>\n<strong>Rain Mikser<\/strong>, editor, University of Tartu, Tallinn University<br \/>\n<strong>Ilona V\u00f5ik<\/strong>, language editor, University of Tartu<br \/>\n<strong>David Bill, <\/strong>English language editor, Syntax Translation Agency<br \/>\n<strong>Anneli Vainum\u00e4e, <\/strong>English language editor, University of Tartu<br \/>\n<strong>Sven Aller<\/strong>, technical editor, University of Tartu<\/p>\n<div id=\"member\">\n<h2 style=\"text-align: justify;\">Advisory Board<\/h2>\n<div>\n<p style=\"text-align: justify;\"><strong>Head of the editorial board:<br \/>\n<\/strong><strong>Jaan Valsiner<\/strong>, University of Aalborg, Aalborg<\/p>\n<p style=\"text-align: justify;\"><strong>Members of the editorial board:<br \/>\n<\/strong><strong>Kara D. Brown<\/strong>, University of South Carolina, Columbia<br \/>\n<strong>Merike Darmody<\/strong>, Economic and Social Research Institute, Dublin<br \/>\n<strong>Juha H\u00e4m\u00e4l\u00e4inen<\/strong>, University of Eastern Finland, Kuopio<br \/>\n<strong>Veronika Kalmus<\/strong>, University of Tartu, Tartu<br \/>\n<strong>Riina Kiik<\/strong>, Norwegian University of Science and Technology, Trondheim<br \/>\n<strong>Evelyn Kiive,<\/strong> University of Tartu, Tartu<br \/>\n<strong>Eve Kikas<\/strong>, Tallinn University, Tallinn<br \/>\n<strong>Edgar Krull<\/strong>, University of Tartu, Tartu<br \/>\n<strong>\u00c4li Leijen<\/strong>, University of Tartu, Tartu<br \/>\n<strong>Erika L\u00f6fstr\u00f6m<\/strong>, University of Helsinki, Helsinki<br \/>\n<strong>Katrin Niglas<\/strong>, Tallinn University, Tallinn<br \/>\n<strong>Margus Pedaste<\/strong>, University of Tartu, Tartu<br \/>\n<strong>Miia Rannikm\u00e4e<\/strong>, University of Tartu, Tartu<br \/>\n<strong>Doyle Stevick<\/strong>, University of South Carolina, Columbia<br \/>\n<strong>Margit Sutrop<\/strong>, University of Tartu, Tartu<br \/>\n<strong>Aaro Toomela<\/strong>, Tallinn University, Tallinn<br \/>\n<strong>Tiia \u00d5un,<\/strong> Tallinn University, Tallinn<\/p>\n<\/div>\n<\/div>\n","protected":false},"excerpt":{"rendered":"Krista Uibu, executive editor, University of Tartu Rain Mikser, editor, University of Tartu, Tallinn University Ilona V\u00f5ik, language editor, University of Tartu David Bill, English language editor, Syntax Translation Agency Anneli Vainum\u00e4e, English language editor, University of Tartu Sven Aller, technical editor, University of Tartu Advisory Board Head of the editorial board: Jaan Valsiner, University&#8230; <a class=\"view-article\" href=\"https:\/\/eha.ut.ee\/en\/editorial-board\/\">View Article<\/a>","protected":false},"author":4,"featured_media":0,"parent":0,"menu_order":0,"comment_status":"open","ping_status":"open","template":"","meta":{"footnotes":""},"class_list":["post-1528","page","type-page","status-publish","hentry"],"_links":{"self":[{"href":"https:\/\/eha.ut.ee\/en\/wp-json\/wp\/v2\/pages\/1528","targetHints":{"allow":["GET"]}}],"collection":[{"href":"https:\/\/eha.ut.ee\/en\/wp-json\/wp\/v2\/pages"}],"about":[{"href":"https:\/\/eha.ut.ee\/en\/wp-json\/wp\/v2\/types\/page"}],"author":[{"embeddable":true,"href":"https:\/\/eha.ut.ee\/en\/wp-json\/wp\/v2\/users\/4"}],"replies":[{"embeddable":true,"href":"https:\/\/eha.ut.ee\/en\/wp-json\/wp\/v2\/comments?post=1528"}],"version-history":[{"count":12,"href":"https:\/\/eha.ut.ee\/en\/wp-json\/wp\/v2\/pages\/1528\/revisions"}],"predecessor-version":[{"id":3821,"href":"https:\/\/eha.ut.ee\/en\/wp-json\/wp\/v2\/pages\/1528\/revisions\/3821"}],"wp:attachment":[{"href":"https:\/\/eha.ut.ee\/en\/wp-json\/wp\/v2\/media?parent=1528"}],"curies":[{"name":"wp","href":"https:\/\/api.w.org\/{rel}","templated":true}]}}