{"id":2058,"date":"2018-05-31T13:23:58","date_gmt":"2018-05-31T10:23:58","guid":{"rendered":"http:\/\/eha.ut.ee\/?page_id=2058"},"modified":"2023-12-02T22:42:47","modified_gmt":"2023-12-02T20:42:47","slug":"articles","status":"publish","type":"page","link":"https:\/\/eha.ut.ee\/en\/articles\/","title":{"rendered":"Articles"},"content":{"rendered":"<p>Heidmets, M.\u00a0 (2013, 6. dets). Uus ajakiri: kes kirjutab, kes loeb? <em>\u00d5petajate Leht<\/em>. K\u00fclastatud aadressil <a href=\"http:\/\/opleht.ee\/2013\/12\/uus-ajakiri-kes-kirjutab-kes-loeb\/\">http:\/\/opleht.ee\/2013\/12\/uus-ajakiri-kes-kirjutab-kes-loeb\/<\/a><\/p>\n<p>Himma, M. (2018, 3. mai). Nutikas trikk koolidele &#8212; lapsed \u00f5pivad ka\u00a0 koridoriseintelt. <em>ERRi Novaator.<\/em> K\u00fclastatud aadressil <a href=\"https:\/\/novaator.err.ee\/828291\/nutikas-trikk-koolidele-lapsed-opivad-ka-koridoriseintelt\">https:\/\/novaator.err.ee\/828291\/nutikas-trikk-koolidele-lapsed-opivad-ka-koridoriseintelt<\/a><\/p>\n<p>Kumberg, E. (2014, 25. nov). EHA tegi kokkuv\u00f5tteid esimesest ilmumisaastast. <em>Tartu \u00dclikooli uudised<\/em>. K\u00fclastatud aadressil <a href=\"http:\/\/www.ht.ut.ee\/et\/uudised\/eha-tegi-kokkuvotteid-esimesest-ilmumisaastast\" target=\"_blank\" rel=\"noopener noreferrer\">http:\/\/www.ht.ut.ee\/et\/uudised\/eha-tegi-kokkuvotteid-esimesest-ilmumisaastast<\/a><\/p>\n<p>K\u00f5rgesaar, J. (2016, 25. nov). Miks peaks lugema Eesti Haridusteaduste Ajakirja hariduslikest erivajadustest? <em>\u00d5petajate Leht.<\/em> K\u00fclastatud aadressil <a href=\"http:\/\/opleht.ee\/2016\/11\/miks-peaks-lugema-eesti-haridusteaduste-ajakirja-hariduslikest-erivajadustest\/\">http:\/\/opleht.ee\/2016\/11\/miks-peaks-lugema-eesti-haridusteaduste-ajakirja-hariduslikest-erivajadustest\/<\/a><\/p>\n<p>Pedaste, M. (2021, 5. mai). Eesti Haridusteaduste Ajakirja v\u00e4rskes numbris keskendutakse \u00fcldp\u00e4devustele. <em>\u00d5petajate Leht. <\/em>K\u00fclastatud aadressil\u00a0<a href=\"https:\/\/opleht.ee\/2021\/05\/eesti-haridusteaduste-ajakirja-varskes-erinumbris-keskendutakse-uldpadevustele\/\">https:\/\/opleht.ee\/2021\/05\/eesti-haridusteaduste-ajakirja-varskes-erinumbris-keskendutakse-uldpadevustele\/<\/a><\/p>\n<p>P\u00e4rismaa, S. (2023, 28. nov). EHA esimene k\u00fcmmeaastak. <em>\u00d5petajate Leht.<\/em> K\u00fclastatud aadressil <a href=\"https:\/\/opleht.ee\/2023\/11\/eha-esimene-kummeaastak\/\">https:\/\/opleht.ee\/2023\/11\/eha-esimene-kummeaastak\/<\/a><\/p>\n<p>P\u00e4rismaa, S. (2015, 2. okt). Haridusajakiri hoiab ja arendab teadlaste emakeelt. <em>\u00d5petajate Leht. <\/em>K\u00fclastatud aadressil <a href=\"http:\/\/opleht.ee\/2015\/10\/haridusajakiri-hoiab-ja-arendab-teadlaste-emakeelt\/\">http:\/\/opleht.ee\/2015\/10\/haridusajakiri-hoiab-ja-arendab-teadlaste-emakeelt\/<\/a><\/p>\n<p>Uibu, K. (2018, 18. mai). Eesti Haridusteaduste Ajakirja k\u00fcmme numbrit. <em>\u00d5petajate Leht.<\/em> K\u00fclastatud aadressil <a href=\"http:\/\/opleht.ee\/2018\/05\/eesti-haridusteaduste-ajakirja-kumme-numbrit\/\">http:\/\/opleht.ee\/2018\/05\/eesti-haridusteaduste-ajakirja-kumme-numbrit\/<\/a><\/p>\n<p>Uibu, K. (2019, 6. dets). EHA &#8212; eestikeelne haridusteaduste ajakiri. <em>\u00d5petajate Leht.<\/em> K\u00fclastatud aadressil <a href=\"https:\/\/opleht.ee\/2019\/12\/eha-eestikeelne-haridusteaduste-ajakiri\/\">https:\/\/opleht.ee\/2019\/12\/eha-eestikeelne-haridusteaduste-ajakiri\/<\/a><\/p>\n","protected":false},"excerpt":{"rendered":"Heidmets, M.\u00a0 (2013, 6. dets). Uus ajakiri: kes kirjutab, kes loeb? \u00d5petajate Leht. K\u00fclastatud aadressil http:\/\/opleht.ee\/2013\/12\/uus-ajakiri-kes-kirjutab-kes-loeb\/ Himma, M. (2018, 3. mai). Nutikas trikk koolidele &#8212; lapsed \u00f5pivad ka\u00a0 koridoriseintelt. ERRi Novaator. K\u00fclastatud aadressil https:\/\/novaator.err.ee\/828291\/nutikas-trikk-koolidele-lapsed-opivad-ka-koridoriseintelt Kumberg, E. (2014, 25. nov). EHA tegi kokkuv\u00f5tteid esimesest ilmumisaastast. Tartu \u00dclikooli uudised. K\u00fclastatud aadressil http:\/\/www.ht.ut.ee\/et\/uudised\/eha-tegi-kokkuvotteid-esimesest-ilmumisaastast K\u00f5rgesaar, J. (2016, 25. nov)&#8230;. <a class=\"view-article\" href=\"https:\/\/eha.ut.ee\/en\/articles\/\">View Article<\/a>","protected":false},"author":4,"featured_media":0,"parent":0,"menu_order":0,"comment_status":"closed","ping_status":"closed","template":"","meta":{"footnotes":""},"class_list":["post-2058","page","type-page","status-publish","hentry"],"_links":{"self":[{"href":"https:\/\/eha.ut.ee\/en\/wp-json\/wp\/v2\/pages\/2058","targetHints":{"allow":["GET"]}}],"collection":[{"href":"https:\/\/eha.ut.ee\/en\/wp-json\/wp\/v2\/pages"}],"about":[{"href":"https:\/\/eha.ut.ee\/en\/wp-json\/wp\/v2\/types\/page"}],"author":[{"embeddable":true,"href":"https:\/\/eha.ut.ee\/en\/wp-json\/wp\/v2\/users\/4"}],"replies":[{"embeddable":true,"href":"https:\/\/eha.ut.ee\/en\/wp-json\/wp\/v2\/comments?post=2058"}],"version-history":[{"count":9,"href":"https:\/\/eha.ut.ee\/en\/wp-json\/wp\/v2\/pages\/2058\/revisions"}],"predecessor-version":[{"id":3456,"href":"https:\/\/eha.ut.ee\/en\/wp-json\/wp\/v2\/pages\/2058\/revisions\/3456"}],"wp:attachment":[{"href":"https:\/\/eha.ut.ee\/en\/wp-json\/wp\/v2\/media?parent=2058"}],"curies":[{"name":"wp","href":"https:\/\/api.w.org\/{rel}","templated":true}]}}