{"id":2061,"date":"2018-05-31T13:23:54","date_gmt":"2018-05-31T10:23:54","guid":{"rendered":"http:\/\/eha.ut.ee\/?page_id=2061"},"modified":"2022-11-23T11:39:48","modified_gmt":"2022-11-23T09:39:48","slug":"presentations","status":"publish","type":"page","link":"https:\/\/eha.ut.ee\/en\/presentations\/","title":{"rendered":"Presentations"},"content":{"rendered":"<p>18.11.2022 Eesti Haridusteaduste Ajakirja EHA 2022. aasta numbrite esitlus. K\u00fclastatud aadressil <a href=\"https:\/\/eha.ut.ee\/galerii_221118\/\">https:\/\/eha.ut.ee\/galerii_221118\/<\/a><\/p>\n<p>18.05.2021 Eesti Haridusteaduste Ajakirja EHA erinumbri &#8220;\u00dcldp\u00e4devuste m\u00e4\u00e4ratlus, hindamine ja arendamine&#8221; esitlus. K\u00fclastatud aadressil <a href=\"https:\/\/eha.ut.ee\/esitlus_210518\/\">https:\/\/eha.ut.ee\/galerii_191125\/<\/a><\/p>\n<p>25.11.2019 Eesti Haridusteaduste Ajakirja EHA 2019. aasta numbrite esitlus. K\u00fclastatud aadressil <a href=\"https:\/\/eha.ut.ee\/galerii_191125\/\">https:\/\/eha.ut.ee\/galerii_191125\/<\/a><\/p>\n<p>28.11.2018\u00a0Eesti Haridusteaduste Ajakirja EHA 2018. aasta erinumbri &#8220;Ettev\u00f5tlikkuse ja ettev\u00f5tlus\u00f5ppe arendamine p\u00f5hikoolist k\u00f5rgkoolini&#8221; esitlus. K\u00fclastatud aadressil\u00a0<a href=\"https:\/\/eha.ut.ee\/galerii_181128\/\">https:\/\/eha.ut.ee\/galerii_181128\/<\/a><\/p>\n<p>21.05.2018 Galerii: rahvusvahelise teadusseminar &#8220;Education and Environment within the Context of Child&#8217;s Development&#8221; ja Eesti Haridusteaduste Ajakirja EHA 2018. aasta erinumbri esitlus. K\u00fclastatud aadressil\u00a0<a href=\"http:\/\/eha.ut.ee\/galerii_180521\/\">http:\/\/eha.ut.ee\/galerii_180521\/<\/a><\/p>\n<p>17.11.2017\u00a0Galerii: Eesti Haridusteaduste Ajakirja EHA 2017. aasta vabanumbri esitlus.\u00a0K\u00fclastatud aadressil\u00a0<a href=\"http:\/\/eha.ut.ee\/galerii_171117\/\">http:\/\/eha.ut.ee\/galerii_171117\/<\/a><\/p>\n<p>09.05.2017\u00a0Galerii: Eesti Haridusteaduste Ajakirja EHA 2017. aasta loodusteadusliku hariduse ja haridustehnoloogia erinumbri esitlus.\u00a0K\u00fclastatud aadressil\u00a0<a href=\"http:\/\/eha.ut.ee\/galerii_170509\/\">http:\/\/eha.ut.ee\/galerii_170509\/<\/a><\/p>\n<p>25.11.2016. Eesti Haridusteaduste Ajakirja EHA 2016. aastal\u00a0avaldatud numbrite esitlus. K\u00fclastatud aadressil <a href=\"http:\/\/eha.ut.ee\/galerii_161125\/\">http:\/\/eha.ut.ee\/galerii_161125\/<\/a>\u00a0(originaal <a href=\"https:\/\/www.flickr.com\/photos\/145149866@N03\/sets\/72157677147796126\">https:\/\/www.flickr.com\/photos\/145149866@N03\/sets\/72157677147796126<\/a>)<\/p>\n<p>12.11.2015. Eesti Haridusteaduste Ajakirja EHA 2015. aastal\u00a0avaldatud numbrite esitlus. K\u00fclastatud aadressil <a href=\"http:\/\/eha.ut.ee\/galerii_151112\/\" target=\"_blank\" rel=\"noopener noreferrer\">http:\/\/eha.ut.ee\/galerii_151112\/<\/a><\/p>\n<p>14.11.2014. Eesti Haridusteaduste Ajakirja EHA kolmanda numbri esitlus. K\u00fclastatud aadressil <a href=\"http:\/\/eha.ut.ee\/galerii_141114\/\" target=\"_blank\" rel=\"noopener noreferrer\">http:\/\/eha.ut.ee\/galerii_141114\/<\/a><\/p>\n<p>16.11.2013. Uue Eesti Haridusteaduste Ajakirja esitlus. <em>Tartu \u00dclikooli fotoarhiiv.<\/em> K\u00fclastatud aadressil <a href=\"http:\/\/www.uttv.ee\/fotod#id_galerii=7862\" target=\"_blank\" rel=\"noopener noreferrer\">http:\/\/www.uttv.ee\/fotod#id_galerii=7862<\/a><\/p>\n","protected":false},"excerpt":{"rendered":"18.11.2022 Eesti Haridusteaduste Ajakirja EHA 2022. aasta numbrite esitlus. K\u00fclastatud aadressil https:\/\/eha.ut.ee\/galerii_221118\/ 18.05.2021 Eesti Haridusteaduste Ajakirja EHA erinumbri &#8220;\u00dcldp\u00e4devuste m\u00e4\u00e4ratlus, hindamine ja arendamine&#8221; esitlus. K\u00fclastatud aadressil https:\/\/eha.ut.ee\/galerii_191125\/ 25.11.2019 Eesti Haridusteaduste Ajakirja EHA 2019. aasta numbrite esitlus. K\u00fclastatud aadressil https:\/\/eha.ut.ee\/galerii_191125\/ 28.11.2018\u00a0Eesti Haridusteaduste Ajakirja EHA 2018. aasta erinumbri &#8220;Ettev\u00f5tlikkuse ja ettev\u00f5tlus\u00f5ppe arendamine p\u00f5hikoolist k\u00f5rgkoolini&#8221; esitlus. K\u00fclastatud aadressil\u00a0https:\/\/eha.ut.ee\/galerii_181128\/&#8230; <a class=\"view-article\" href=\"https:\/\/eha.ut.ee\/en\/presentations\/\">View Article<\/a>","protected":false},"author":4,"featured_media":0,"parent":0,"menu_order":0,"comment_status":"closed","ping_status":"closed","template":"","meta":{"footnotes":""},"class_list":["post-2061","page","type-page","status-publish","hentry"],"_links":{"self":[{"href":"https:\/\/eha.ut.ee\/en\/wp-json\/wp\/v2\/pages\/2061","targetHints":{"allow":["GET"]}}],"collection":[{"href":"https:\/\/eha.ut.ee\/en\/wp-json\/wp\/v2\/pages"}],"about":[{"href":"https:\/\/eha.ut.ee\/en\/wp-json\/wp\/v2\/types\/page"}],"author":[{"embeddable":true,"href":"https:\/\/eha.ut.ee\/en\/wp-json\/wp\/v2\/users\/4"}],"replies":[{"embeddable":true,"href":"https:\/\/eha.ut.ee\/en\/wp-json\/wp\/v2\/comments?post=2061"}],"version-history":[{"count":9,"href":"https:\/\/eha.ut.ee\/en\/wp-json\/wp\/v2\/pages\/2061\/revisions"}],"predecessor-version":[{"id":3217,"href":"https:\/\/eha.ut.ee\/en\/wp-json\/wp\/v2\/pages\/2061\/revisions\/3217"}],"wp:attachment":[{"href":"https:\/\/eha.ut.ee\/en\/wp-json\/wp\/v2\/media?parent=2061"}],"curies":[{"name":"wp","href":"https:\/\/api.w.org\/{rel}","templated":true}]}}