{"id":2068,"date":"2018-05-31T13:24:09","date_gmt":"2018-05-31T10:24:09","guid":{"rendered":"http:\/\/eha.ut.ee\/?page_id=2068"},"modified":"2025-11-01T09:17:39","modified_gmt":"2025-11-01T07:17:39","slug":"press-releases","status":"publish","type":"page","link":"https:\/\/eha.ut.ee\/en\/press-releases\/","title":{"rendered":"Press releases"},"content":{"rendered":"<p>31.10.2025. Eesti Haridusteaduste Ajakirja erinumber keskendub varajasele teise keele \u00f5ppele ja keeleoskuse arendamisele. <em>Tartu \u00dclikooli pressiteade.<\/em> K\u00fclastatud aadressil <a href=\"https:\/\/siseveeb.ut.ee\/et\/uudised\/eesti-haridusteaduste-ajakirja-erinumber-keskendub-varajasele-teise-keele-oppele-keeleoskuse\">Eesti Haridusteaduste Ajakirja erinumber keskendub varajasele teise keele \u00f5ppele ja keeleoskuse arendamisele | siseveeb.ut.ee<\/a><\/p>\n<p>24.04.2025. Eesti Haridusteaduste Ajakirja uus vabanumber keskendub \u00fcldp\u00e4devustele ja heaolule hariduses. <em>Tartu \u00dclikooli pressiteade.<\/em> K\u00fclastatud aadressil <a href=\"https:\/\/siseveeb.ut.ee\/et\/uudised\/eesti-haridusteaduste-ajakirja-uus-vabanumber-keskendub-uldpadevustele-heaolule-hariduses\">Eesti Haridusteaduste Ajakirja uus vabanumber keskendub \u00fcldp\u00e4devustele ja heaolule hariduses | siseveeb.ut.ee<\/a><\/p>\n<p>03.12.2024. Eesti Haridusteaduste Ajakiri esitles t\u00e4navusi numbreid. <em>Tartu \u00dclikooli haridusteaduste instituudi uudised.<\/em> K\u00fclastatud aadressil: <a href=\"https:\/\/haridus.ut.ee\/et\/sisu\/eesti-haridusteaduste-ajakiri-esitles-tanavusi-numbreid\">Eesti Haridusteaduste Ajakiri esitles t\u00e4navusi numbreid | Tartu \u00dclikool<\/a><\/p>\n<p>01.11.2024. Eesti Haridusteaduste Ajakirjas r\u00e4\u00e4gitakse kliimamuutuste k\u00e4sitlemisest hariduses. <em>Tartu \u00dclikooli pressiteade.<\/em> K\u00fclastatud aadressil\u00a0<a href=\"https:\/\/siseveeb.ut.ee\/et\/uudised\/eesti-haridusteaduste-ajakirja-erinumbris-raagitakse-kliimamuutuste-kasitlemisest-hariduses\">https:\/\/siseveeb.ut.ee\/et\/uudised\/eesti-haridusteaduste-ajakirja-erinumbris-raagitakse-kliimamuutuste-kasitlemisest-hariduses<\/a><\/p>\n<p>29.04.2024. Ilmus Eesti Haridusteaduste Ajakirja erinumber. <em>Tartu \u00dclikooli pressiteade.<\/em> K\u00fclastatud aadressil <a href=\"https:\/\/siseveeb.ut.ee\/et\/uudised\/ilmus-eesti-haridusteaduste-ajakirja-erinumber\">https:\/\/siseveeb.ut.ee\/et\/uudised\/ilmus-eesti-haridusteaduste-ajakirja-erinumber<\/a><\/p>\n<p>16.11.2023. Eesti Haridusteaduste Ajakiri t\u00e4histab k\u00fcmnendat aastap\u00e4eva konverentsiga. <em>Tartu \u00dclikooli pressiteade.<\/em> K\u00fclastatud aadressil\u00a0<a href=\"https:\/\/siseveeb.ut.ee\/et\/uudised\/haridusteaduste-ajakiri-tahistab-kumnendat-aastapaeva-konverentsiga\">https:\/\/siseveeb.ut.ee\/et\/uudised\/haridusteaduste-ajakiri-tahistab-kumnendat-aastapaeva-konverentsiga<\/a><\/p>\n<p>3010.2023. Haridusteaduste ajakirjas uuritakse \u00f5ppimist lapseeast t\u00e4iskasvanueani. <em>Tartu \u00dclikooli uudised. <\/em>K\u00fclastatud aadressil <a href=\"https:\/\/ut.ee\/et\/sisu\/haridusteaduste-ajakirjas-uuritakse-oppimist-lapseeast-taiskasvanueani\">Haridusteaduste ajakirjas uuritakse \u00f5ppimist lapseeast t\u00e4iskasvanueani\u00a0 | Tartu \u00dclikool (ut.ee)<\/a><\/p>\n<p>27.04.2023. Eesti Haridusteaduste Ajakiri v\u00e4rske erinumber keskendub kaasavale haridusele. <em>Tartu \u00dclikooli uudised. <\/em>K\u00fclastatud aadressil\u00a0<a href=\"https:\/\/siseveeb.ut.ee\/et\/uudised\/eesti-haridusteaduste-ajakirja-varske-erinumber-keskendub-kaasavale-haridusele\">https:\/\/siseveeb.ut.ee\/et\/uudised\/eesti-haridusteaduste-ajakirja-varske-erinumber-keskendub-kaasavale-haridusele<\/a><\/p>\n<p>31.10.2022. Eesti Haridusteaduste Ajakirja v\u00e4rskes erinumbris keskendutakse mitmekeelsele ja kultuurilisele haridusele. <em>Tartu \u00dclikooli uudised.<\/em> K\u00fclastatud aadressil <a href=\"https:\/\/ut.ee\/et\/sisu\/eesti-haridusteaduste-ajakirja-varskes-erinumbris-keskendutakse-mitmekeelsele-ja\">Eesti Haridusteaduste Ajakirja v\u00e4rskes erinumbris keskendutakse mitmekeelsele ja -kultuurilisele haridusele | Tartu \u00dclikool<\/a><\/p>\n<p>26.10.2021. Eesti Haridusteaduste Ajakirja v\u00e4rskes erinumbris keskendutakse kirjaoskuste kirevusel. <em>Tartu \u00dclikooli uudised.<\/em> K\u00fclastatud aadressil <a href=\"https:\/\/www.ht.ut.ee\/et\/uudised\/eesti-haridusteaduste-ajakirja-varskes-erinumbris-keskendutakse-kirjaoskuste-kirevusele\">https:\/\/www.ht.ut.ee\/et\/uudised\/eesti-haridusteaduste-ajakirja-varskes-erinumbris-keskendutakse-kirjaoskuste-kirevusele<\/a><\/p>\n<p>30.04.2021. Eesti Haridusteaduste Ajakirja uues numbris r\u00e4\u00e4gitakse \u00fcldp\u00e4devustest. <em>Tartu \u00dclikooli uudised.<\/em> K\u00fclastatud aadressil <a href=\"https:\/\/www.ut.ee\/et\/uudised\/eesti-haridusteaduste-ajakirja-uues-erinumbris-raagitakse-uldpadevustest\">https:\/\/www.ut.ee\/et\/uudised\/eesti-haridusteaduste-ajakirja-uues-erinumbris-raagitakse-uldpadevustest<\/a><\/p>\n<p>26.10.2020. Eesti Haridusteaduste Ajakirja uues vabanumbris vaadeldakse \u00f5petajate ja \u00f5ppej\u00f5udude kutsealast arengut. <em>Tartu \u00dclikooli uudised.<\/em> K\u00fclastatud aadressil <a href=\"https:\/\/www.ut.ee\/et\/uudised\/eesti-haridusteaduste-ajakirja-uues-vabanumbris-vaadeldakse-opetajate-oppejoudude-kutsealast\">https:\/\/www.ut.ee\/et\/uudised\/eesti-haridusteaduste-ajakirja-uues-vabanumbris-vaadeldakse-opetajate-oppejoudude-kutsealast<\/a><\/p>\n<p>27.04.2020 Eesti Haridusteaduste Ajakirja v\u00e4rskes erinumbris vaadeldakse \u00f5petajaameti olemust. <em>Tartu \u00dclikooli uudised.<\/em> K\u00fclastatud aadressil <a href=\"https:\/\/www.ut.ee\/et\/uudised\/eesti-haridusteaduste-ajakirja-varskes-erinumbris-vaadeldakse-opetajaameti-olemust\">https:\/\/www.ut.ee\/et\/uudised\/eesti-haridusteaduste-ajakirja-varskes-erinumbris-vaadeldakse-opetajaameti-olemust<\/a><\/p>\n<p>21.10.2019 Eesti Haridusteaduste Ajakirja v\u00e4rskes numbris innustatakse praktikuid uurima. <em>Tartu \u00dclikooli uudised.<\/em>\u00a0K\u00fclastatud aadressil <a href=\"https:\/\/www.ut.ee\/et\/uudised\/eesti-haridusteaduste-ajakirja-varskes-numbris-innustatakse-praktikuid-uurima\">https:\/\/www.ut.ee\/et\/uudised\/eesti-haridusteaduste-ajakirja-varskes-numbris-innustatakse-praktikuid-uurima<\/a><\/p>\n<p>30.04.2019. Eesti Haridusteaduste Ajakirja vabanumbris r\u00f5hutatakse koost\u00f6\u00f6 vajalikkust haridusmuutuste elluviimisel. K\u00fclastatud aadressil <a href=\"https:\/\/www.ut.ee\/et\/uudised\/eesti-haridusteaduste-ajakirja-vabanumbris-rohutatakse-koostoo-vajalikkust-haridusmuutuste\">https:\/\/www.ut.ee\/et\/uudised\/eesti-haridusteaduste-ajakirja-vabanumbris-rohutatakse-koostoo-vajalikkust-haridusmuutuste<\/a><\/p>\n<p>01.11.2018. Eesti Haridusteaduste Ajakirja erinumber on p\u00fchendatud ettev\u00f5tlikkuse arendamisele ja ettev\u00f5tlus\u00f5ppele. <em>Tartu \u00dclikooli uudised.<\/em>\u00a0K\u00fclastatud aadressil <a href=\"https:\/\/www.ut.ee\/et\/uudised\/eesti-haridusteaduste-ajakirja-erinumber-puhendatud-ettevotlikkuse-arendamisele\">https:\/\/www.ut.ee\/et\/uudised\/eesti-haridusteaduste-ajakirja-erinumber-puhendatud-ettevotlikkuse-arendamisele<\/a><\/p>\n<p>02.05.2018. Ilmus EHA erinumber. <em>Tallinna \u00dclikooli pressikeskus.<\/em> K\u00fclastatud aadressil\u00a0<a href=\"https:\/\/www.tlu.ee\/uudised\/ilmus-eha-erinumber\" target=\"_blank\" rel=\"noopener noreferrer\">https:\/\/www.tlu.ee\/uudised\/ilmus-eha-erinumber<\/a><\/p>\n<p>26.04.2018. Eesti Haridusteaduste Ajakirja\u00a0erinumber on p\u00fchendatud alusharidusele ja alg\u00f5petusele. <em>Tartu \u00dclikooli uudised.<\/em>\u00a0K\u00fclastatud aadressil <a href=\"https:\/\/www.ut.ee\/et\/uudised\/eesti-haridusteaduste-ajakirja-erinumber-puhendatud-alusharidusele-algopetusele\" target=\"_blank\" rel=\"noopener noreferrer\">https:\/\/www.ut.ee\/et\/uudised\/eesti-haridusteaduste-ajakirja-erinumber-puhendatud-alusharidusele-algopetusele<\/a><\/p>\n<p>03.11.2017. Haridusteadlaste ajakirja vabanumber arutleb hariduse probleemide \u00fcle. <em>Tartu \u00dclikooli uudised.<\/em>\u00a0K\u00fclastatud aadressil <a href=\"https:\/\/www.ut.ee\/et\/uudised\/haridusteadlaste-ajakirja-vabanumber-arutleb-hariduse-probleemide-ule\" target=\"_blank\" rel=\"noopener noreferrer\">https:\/\/www.ut.ee\/et\/uudised\/haridusteadlaste-ajakirja-vabanumber-arutleb-hariduse-probleemide-ule<\/a><\/p>\n<p>28.04.2017. Priit Reiska osalusel valmis Eesti Haridusteaduste Ajakirja uus number. <em>Tallinna \u00dclikooli pressikeskus.<\/em> K\u00fclastatud aadressil <a href=\"https:\/\/www.tlu.ee\/uudised\/priit-reiska-osalusel-valmis-eesti-haridusteaduste-ajakirja-uus-number\" target=\"_blank\" rel=\"noopener noreferrer\">https:\/\/www.tlu.ee\/uudised\/priit-reiska-osalusel-valmis-eesti-haridusteaduste-ajakirja-uus-number<\/a><\/p>\n<p>27.04.2017. Eesti Haridusteaduste Ajakirja erinumber keskendub loodusteadusliku hariduse ja haridustehnoloogia teemadele. <em>Tartu \u00dclikooli uudised.<\/em>\u00a0K\u00fclastatud aadressil <a href=\"http:\/\/www.ut.ee\/et\/uudised\/eesti-haridusteaduste-ajakirja-erinumber-keskendub-loodusteadusliku-hariduse\" target=\"_blank\" rel=\"noopener noreferrer\">http:\/\/www.ut.ee\/et\/uudised\/eesti-haridusteaduste-ajakirja-erinumber-keskendub-loodusteadusliku-hariduse<\/a><\/p>\n<p>03.11.2016. Eesti Haridusteaduste Ajakirja uues numbris v\u00f5etakse vaatluse alla hariduslikud erivajadused ja k\u00e4itumisprobleemid. <em>Tartu \u00dclikooli uudised.<\/em> K\u00fclastatud aadressil <a href=\"http:\/\/www.ut.ee\/et\/uudised\/eesti-haridusteaduste-ajakirja-uues-numbris-voetakse-luubi-alla-hariduslikud-erivajadused\" target=\"_blank\" rel=\"noopener noreferrer\">http:\/\/www.ut.ee\/et\/uudised\/eesti-haridusteaduste-ajakirja-uues-numbris-voetakse-luubi-alla-hariduslikud-erivajadused<\/a><\/p>\n<p>29.04.2016. Eesti Haridusteaduste Ajakiri vaatleb haridust mitmest vaatenurgast. <em>Tartu \u00dclikooli uudised<\/em>. K\u00fclastatud aadressil <a href=\"http:\/\/www.ut.ee\/et\/uudised\/eesti-haridusteaduste-ajakiri-vaatleb-haridust-mitmest-vaatenurgast\" target=\"_blank\" rel=\"noopener noreferrer\">http:\/\/www.ut.ee\/et\/uudised\/eesti-haridusteaduste-ajakiri-vaatleb-haridust-mitmest-vaatenurgast<\/a><\/p>\n<p>02.11.2015. Eesti Haridusteaduste Ajakirja uus number keskendub digikultuurile. <em>Tartu \u00dclikooli uudised.<\/em> K\u00fclastatud aadressil <a href=\"http:\/\/www.ut.ee\/et\/uudised\/eesti-haridusteaduste-ajakirja-uus-number-keskendub-digikultuurile\" target=\"_blank\" rel=\"noopener noreferrer\">http:\/\/www.ut.ee\/et\/uudised\/eesti-haridusteaduste-ajakirja-uus-number-keskendub-digikultuurile<\/a><\/p>\n<p>30.04.2015. Eesti Haridusteaduste Ajakirja uus number hariduskorraldusest ja -juhtimisest. <em>Tallinna \u00dclikooli pressikeskus.<\/em> K\u00fclastatud aadressil <a title=\"http:\/\/www.tlu.ee\/et\/uudised\/2956\/eesti-haridusteaduste-ajakirja-uus-number-hariduskorraldusest-ja-%e2%80%93juhtimisest\" href=\"https:\/\/www.tlu.ee\/uudised\/eesti-haridusteaduste-ajakirja-uus-number-hariduskorraldusest-ja-juhtimisest\" target=\"_blank\" rel=\"noopener noreferrer\">https:\/\/www.tlu.ee\/uudised\/eesti-haridusteaduste-ajakirja-uus-number-hariduskorraldusest-ja-juhtimisest<\/a><\/p>\n<p>30.04.2015. Eesti Haridusteaduste Ajakiri r\u00e4\u00e4gib haridusjuhtimisest ja hariduskorraldusest. <em>Tartu \u00dclikooli uudised<\/em>. K\u00fclastatud aadressil <a title=\"http:\/\/www.ut.ee\/et\/uudised\/eesti-haridusteaduste-ajakiri-raagib-hariduskorraldusest-haridusjuhtimisest\" href=\"http:\/\/www.ut.ee\/et\/uudised\/eesti-haridusteaduste-ajakiri-raagib-hariduskorraldusest-haridusjuhtimisest\" target=\"_blank\" rel=\"noopener noreferrer\">http:\/\/www.ut.ee\/et\/uudised\/eesti-haridusteaduste-ajakiri-raagib-hariduskorraldusest-haridusjuhtimisest<\/a><\/p>\n<p>03.11.2014. Eesti Haridusteaduste Ajakirja uus number kogemuste ja arusaamade muutusest. <em>Tallinna \u00dclikooli pressikeskus.<\/em> K\u00fclastatud aadressil <a href=\"https:\/\/www.tlu.ee\/uudised\/eesti-haridusteaduste-ajakirja-uus-number-kogemuste-ja-arusaamade-muutusest\" target=\"_blank\" rel=\"noopener noreferrer\">https:\/\/www.tlu.ee\/uudised\/eesti-haridusteaduste-ajakirja-uus-number-kogemuste-ja-arusaamade-muutusest<\/a><\/p>\n<p>02.11.2014. Eesti Haridusteaduste Ajakirja uus number vaatleb kogemuste ja arusaamade muutust hariduse kontekstis. <em>Tartu \u00dclikooli uudised<\/em>. K\u00fclastatud aadressil <a href=\"http:\/\/www.sh.ut.ee\/et\/uudised\/eesti-haridusteaduste-ajakirja-uus-number-vaatleb-kogemuste-arusaamade-muutust-hariduse\" target=\"_blank\" rel=\"noopener noreferrer\">http:\/\/www.sh.ut.ee\/et\/uudised\/eesti-haridusteaduste-ajakirja-uus-number-vaatleb-kogemuste-arusaamade-muutust-hariduse<\/a><\/p>\n<p>05.05.2014. Ilmus Eesti Haridusteaduste Ajakirja teine erinumber. <em>Tartu \u00dclikooli uudised.<\/em> K\u00fclastatud aadressil <a href=\"http:\/\/www.ht.ut.ee\/et\/uudised\/ilmus-eesti-haridusteaduste-ajakirja-teine-erinumber\" target=\"_blank\" rel=\"noopener noreferrer\">http:\/\/www.ht.ut.ee\/et\/uudised\/ilmus-eesti-haridusteaduste-ajakirja-teine-erinumber<\/a><\/p>\n<p>17.04.2014. Eesti Haridusteaduste Ajakirja tunnustati kui parimat eesti keeles publitseeritud teadust\u00f6\u00f6d. <em>Tartu \u00dclikooli uudised.<\/em> K\u00fclastatud aadressil\u00a0<a href=\"http:\/\/www.sh.ut.ee\/et\/uudised\/eesti-haridusteaduste-ajakirja-tunnustati-parimat-eesti-keeles-publitseeritud-teadustood-1\" target=\"_blank\" rel=\"noopener noreferrer\">http:\/\/www.sh.ut.ee\/et\/uudised\/eesti-haridusteaduste-ajakirja-tunnustati-parimat-eesti-keeles-publitseeritud-teadustood-1<\/a><\/p>\n<p>06.11.2013. T\u00dcs esitleti esimest eestikeelset haridusteaduste ajakirja. <em>Eesti Rahvusringh\u00e4\u00e4ling.<\/em> K\u00fclastatud aadressil <a href=\"http:\/\/novaator.err.ee\/244313\/tus-esitleti-esimest-eestikeelset-haridusteaduste-ajakirja\" target=\"_blank\" rel=\"noopener noreferrer\">http:\/\/novaator.err.ee\/244313\/tus-esitleti-esimest-eestikeelset-haridusteaduste-ajakirja<\/a><\/p>\n<p>01.11.2013. Tartus esitletakse uut haridusajakirja. <em>\u00d5petajate Leht.<\/em> K\u00fclastatud aadressil <a href=\"http:\/\/opleht.ee\/2013\/11\/tartus-esitletakse-uut-haridusajakirja\/\" target=\"_blank\" rel=\"noopener noreferrer\">http:\/\/opleht.ee\/2013\/11\/tartus-esitletakse-uut-haridusajakirja\/<\/a><\/p>\n","protected":false},"excerpt":{"rendered":"31.10.2025. Eesti Haridusteaduste Ajakirja erinumber keskendub varajasele teise keele \u00f5ppele ja keeleoskuse arendamisele. Tartu \u00dclikooli pressiteade. K\u00fclastatud aadressil Eesti Haridusteaduste Ajakirja erinumber keskendub varajasele teise keele \u00f5ppele ja keeleoskuse arendamisele | siseveeb.ut.ee 24.04.2025. Eesti Haridusteaduste Ajakirja uus vabanumber keskendub \u00fcldp\u00e4devustele ja heaolule hariduses. Tartu \u00dclikooli pressiteade. K\u00fclastatud aadressil Eesti Haridusteaduste Ajakirja uus vabanumber keskendub \u00fcldp\u00e4devustele&#8230; <a class=\"view-article\" href=\"https:\/\/eha.ut.ee\/en\/press-releases\/\">View Article<\/a>","protected":false},"author":4,"featured_media":0,"parent":0,"menu_order":0,"comment_status":"closed","ping_status":"closed","template":"","meta":{"footnotes":""},"class_list":["post-2068","page","type-page","status-publish","hentry"],"_links":{"self":[{"href":"https:\/\/eha.ut.ee\/en\/wp-json\/wp\/v2\/pages\/2068","targetHints":{"allow":["GET"]}}],"collection":[{"href":"https:\/\/eha.ut.ee\/en\/wp-json\/wp\/v2\/pages"}],"about":[{"href":"https:\/\/eha.ut.ee\/en\/wp-json\/wp\/v2\/types\/page"}],"author":[{"embeddable":true,"href":"https:\/\/eha.ut.ee\/en\/wp-json\/wp\/v2\/users\/4"}],"replies":[{"embeddable":true,"href":"https:\/\/eha.ut.ee\/en\/wp-json\/wp\/v2\/comments?post=2068"}],"version-history":[{"count":26,"href":"https:\/\/eha.ut.ee\/en\/wp-json\/wp\/v2\/pages\/2068\/revisions"}],"predecessor-version":[{"id":3845,"href":"https:\/\/eha.ut.ee\/en\/wp-json\/wp\/v2\/pages\/2068\/revisions\/3845"}],"wp:attachment":[{"href":"https:\/\/eha.ut.ee\/en\/wp-json\/wp\/v2\/media?parent=2068"}],"curies":[{"name":"wp","href":"https:\/\/api.w.org\/{rel}","templated":true}]}}